{"id":206,"date":"2021-10-03T14:18:09","date_gmt":"2021-10-03T14:18:09","guid":{"rendered":"https:\/\/buydrmprod.wpengine.com\/?page_id=206"},"modified":"2026-02-27T09:58:49","modified_gmt":"2026-02-27T15:58:49","slug":"about","status":"publish","type":"page","link":"https:\/\/buydrm.com\/fr\/company\/about\/","title":{"rendered":"\u00c0 propos"},"content":{"rendered":"<div data-elementor-type=\"wp-page\" data-elementor-id=\"206\" class=\"elementor elementor-206\" data-elementor-post-type=\"page\">\n\t\t\t\t\t\t<section class=\"elementor-section elementor-top-section elementor-element elementor-element-dde4dc2 elementor-section-height-min-height elementor-section-boxed elementor-section-height-default elementor-section-items-middle\" data-id=\"dde4dc2\" data-element_type=\"section\" data-e-type=\"section\" data-settings=\"{&quot;background_background&quot;:&quot;classic&quot;}\">\n\t\t\t\t\t\t<div class=\"elementor-container elementor-column-gap-default\">\n\t\t\t\t\t<div class=\"elementor-column elementor-col-100 elementor-top-column elementor-element elementor-element-2fb3945\" data-id=\"2fb3945\" data-element_type=\"column\" data-e-type=\"column\">\n\t\t\t<div class=\"elementor-widget-wrap elementor-element-populated\">\n\t\t\t\t\t\t<section class=\"elementor-section elementor-inner-section elementor-element elementor-element-19d013d elementor-section-boxed elementor-section-height-default elementor-section-height-default\" data-id=\"19d013d\" data-element_type=\"section\" data-e-type=\"section\">\n\t\t\t\t\t\t<div class=\"elementor-container elementor-column-gap-default\">\n\t\t\t\t\t<div class=\"elementor-column elementor-col-33 elementor-inner-column elementor-element elementor-element-070fcc0\" data-id=\"070fcc0\" data-element_type=\"column\" data-e-type=\"column\">\n\t\t\t<div class=\"elementor-widget-wrap\">\n\t\t\t\t\t\t\t<\/div>\n\t\t<\/div>\n\t\t\t\t<div class=\"elementor-column elementor-col-33 elementor-inner-column elementor-element elementor-element-adaadb2\" data-id=\"adaadb2\" data-element_type=\"column\" data-e-type=\"column\">\n\t\t\t<div class=\"elementor-widget-wrap elementor-element-populated\">\n\t\t\t\t\t\t<div class=\"elementor-element elementor-element-8248b1c elementor-widget elementor-widget-heading\" data-id=\"8248b1c\" data-element_type=\"widget\" data-e-type=\"widget\" data-widget_type=\"heading.default\">\n\t\t\t\t<div class=\"elementor-widget-container\">\n\t\t\t\t\t<h2 class=\"elementor-heading-title elementor-size-default\">Ce que nous faisons<\/h2>\t\t\t\t<\/div>\n\t\t\t\t<\/div>\n\t\t\t\t<div class=\"elementor-element elementor-element-b729e2e elementor-widget elementor-widget-heading\" data-id=\"b729e2e\" data-element_type=\"widget\" data-e-type=\"widget\" data-widget_type=\"heading.default\">\n\t\t\t\t<div class=\"elementor-widget-container\">\n\t\t\t\t\t<h2 class=\"elementor-heading-title elementor-size-default\">NOUS FOURNISSONS DES SOLUTIONS DE S\u00c9CURIT\u00c9 DU CONTENU POUR LE CONTENU VID\u00c9O PREMIUM<\/h2>\t\t\t\t<\/div>\n\t\t\t\t<\/div>\n\t\t\t\t<div class=\"elementor-element elementor-element-07b4c5e elementor-widget elementor-widget-video\" data-id=\"07b4c5e\" data-element_type=\"widget\" data-e-type=\"widget\" data-settings=\"{&quot;video_type&quot;:&quot;hosted&quot;,&quot;show_image_overlay&quot;:&quot;yes&quot;,&quot;image_overlay&quot;:{&quot;url&quot;:&quot;https:\\\/\\\/buydrm.com\\\/wp-content\\\/uploads\\\/2021\\\/10\\\/Screen-Shot-2021-10-06-at-1.00.36-PM.png&quot;,&quot;id&quot;:275,&quot;size&quot;:&quot;&quot;,&quot;alt&quot;:&quot;&quot;,&quot;source&quot;:&quot;library&quot;},&quot;controls&quot;:&quot;yes&quot;}\" data-widget_type=\"video.default\">\n\t\t\t\t<div class=\"elementor-widget-container\">\n\t\t\t\t\t\t\t<div class=\"e-hosted-video elementor-wrapper elementor-open-inline\">\n\t\t\t\t\t<video class=\"elementor-video\" src=\"https:\/\/buydrm.com\/wp-content\/uploads\/2021\/10\/BuyDRM_new2.mp4\" controls=\"\" preload=\"metadata\" controlslist=\"nodownload\"><\/video>\n\t\t\t\t\t\t<div class=\"elementor-custom-embed-image-overlay\" style=\"background-image: url(https:\/\/buydrm.com\/wp-content\/uploads\/2021\/10\/Screen-Shot-2021-10-06-at-1.00.36-PM.png);\">\n\t\t\t\t\t\t\t\t\t\t\t\t\t\t\t\t<div class=\"elementor-custom-embed-play\" role=\"button\" aria-label=\"Lire la vid\u00e9o\" tabindex=\"0\">\n\t\t\t\t\t\t\t<i aria-hidden=\"true\" class=\"eicon-play\"><\/i>\t\t\t\t\t\t<\/div>\n\t\t\t\t\t\t\t\t\t<\/div>\n\t\t\t\t\t<\/div>\n\t\t\t\t\t\t<\/div>\n\t\t\t\t<\/div>\n\t\t\t\t\t<\/div>\n\t\t<\/div>\n\t\t\t\t<div class=\"elementor-column elementor-col-33 elementor-inner-column elementor-element elementor-element-f334f1a\" data-id=\"f334f1a\" data-element_type=\"column\" data-e-type=\"column\">\n\t\t\t<div class=\"elementor-widget-wrap\">\n\t\t\t\t\t\t\t<\/div>\n\t\t<\/div>\n\t\t\t\t\t<\/div>\n\t\t<\/section>\n\t\t\t\t\t<\/div>\n\t\t<\/div>\n\t\t\t\t\t<\/div>\n\t\t<\/section>\n\t\t\t\t<section class=\"elementor-section elementor-top-section elementor-element elementor-element-eadc456 elementor-section-boxed elementor-section-height-default elementor-section-height-default\" data-id=\"eadc456\" data-element_type=\"section\" data-e-type=\"section\" data-settings=\"{&quot;background_background&quot;:&quot;classic&quot;}\">\n\t\t\t\t\t\t<div class=\"elementor-container elementor-column-gap-default\">\n\t\t\t\t\t<div class=\"elementor-column elementor-col-100 elementor-top-column elementor-element elementor-element-9297728\" data-id=\"9297728\" data-element_type=\"column\" data-e-type=\"column\">\n\t\t\t<div class=\"elementor-widget-wrap elementor-element-populated\">\n\t\t\t\t\t\t<div class=\"elementor-element elementor-element-ea0f707 elementor-widget elementor-widget-heading\" data-id=\"ea0f707\" data-element_type=\"widget\" data-e-type=\"widget\" data-widget_type=\"heading.default\">\n\t\t\t\t<div class=\"elementor-widget-container\">\n\t\t\t\t\t<h3 class=\"elementor-heading-title elementor-size-default\">\u00c0 propos de BuyDRM<\/h3>\t\t\t\t<\/div>\n\t\t\t\t<\/div>\n\t\t\t\t<div class=\"elementor-element elementor-element-46a2cd9 elementor-widget elementor-widget-text-editor\" data-id=\"46a2cd9\" data-element_type=\"widget\" data-e-type=\"widget\" data-widget_type=\"text-editor.default\">\n\t\t\t\t<div class=\"elementor-widget-container\">\n\t\t\t\t\t\t\t\t\t<p style=\"font-weight: 400;\">BuyDRM\u2122 is a leading global provider of content security services and solutions to the entertainment, enterprise and hospitality industries. Since 2001, BuyDRM has amassed substantial success stories for many of <a href=\"\/fr\/2026-02-27%2012:00:00%20CST\/\">today<\/a>\u2019s largest brands including ABC Australia, Accenture, Amazon Music, Audible, BBC iPlayer, BBC Worldwide, EPIX, FuboTV, FoxNation, F1 TV, Google, HBO GO Europe\/Latin America\/Asia, OneFootball, Microsoft, NBC Sports, NBC Television, Rakuten Viki, Roku, Samsung TV+, SBS Australia, Sony, Soundcloud, Sportradar, Telenet, TubiTV, and Udemy.<\/p><p style=\"font-weight: 400;\">Our Founder and CEO,\u00a0<a href=\"https:\/\/www.linkedin.com\/in\/christopherlevy\/\">Christopher Levy<\/a>, is widely recognized as a pioneer in the streaming media and content security industries. From 1994 to 2001, Levy and his company ClickHear productions produced many of the \u201cfirsts\u201d in streaming media working with the largest artists and brands in media to deliver live webcasts and large on-demand libraries of content. During this period, the ClickHear team invented the first multi-CDN, streamOS which later became the standard in streaming media content delivery. <a href=\"\/fr\/2026-02-27%2012:00:00%20CST\/\">Today<\/a>, Christopher and the BuyDRM team provide DRM insight on\u00a0<a href=\"https:\/\/go.buydrm.com\/thedrmblog\/\">TheDRMBlog.com<\/a>\u00a0and at various industry events and panels.<\/p><p style=\"font-weight: 400;\">Our Co-Founder and CSO,\u00a0<a href=\"https:\/\/www.linkedin.com\/in\/ron-baker-a06673\/\">Ron Baker<\/a>, has over 25 years of professional experience in executive management, corporate strategy, business development and financial operations with an emphasis in technology. Ron has served as a C\u2010level officer at five different private equity\/venture capital backed companies all of which achieved successful exits. He has extensive experience in mergers, acquisitions and private equity investments. Mr. Baker serves on the Board of Directors of Enlyton Inc. (cloud-based enterprise search), Fluid Innovation Inc. (intellectual property monetization) and New Perspectives Inc. (biotechnology commercialization).<\/p>\t\t\t\t\t\t\t\t<\/div>\n\t\t\t\t<\/div>\n\t\t\t\t\t<\/div>\n\t\t<\/div>\n\t\t\t\t\t<\/div>\n\t\t<\/section>\n\t\t\t\t<section class=\"elementor-section elementor-top-section elementor-element elementor-element-46fc469 elementor-section-content-middle elementor-section-boxed elementor-section-height-default elementor-section-height-default\" data-id=\"46fc469\" data-element_type=\"section\" data-e-type=\"section\" data-settings=\"{&quot;background_background&quot;:&quot;classic&quot;}\">\n\t\t\t\t\t\t<div class=\"elementor-container elementor-column-gap-no\">\n\t\t\t\t\t<div class=\"elementor-column elementor-col-100 elementor-top-column elementor-element elementor-element-fd98e94\" data-id=\"fd98e94\" data-element_type=\"column\" data-e-type=\"column\">\n\t\t\t<div class=\"elementor-widget-wrap elementor-element-populated\">\n\t\t\t\t\t\t<div class=\"elementor-element elementor-element-2497a79 elementor-widget elementor-widget-heading\" data-id=\"2497a79\" data-element_type=\"widget\" data-e-type=\"widget\" data-widget_type=\"heading.default\">\n\t\t\t\t<div class=\"elementor-widget-container\">\n\t\t\t\t\t<h4 class=\"elementor-heading-title elementor-size-default\">Sp\u00e9cialistes de la s\u00e9curit\u00e9 du contenu<\/h4>\t\t\t\t<\/div>\n\t\t\t\t<\/div>\n\t\t\t\t<div class=\"elementor-element elementor-element-bcdb1c0 elementor-widget elementor-widget-heading\" data-id=\"bcdb1c0\" data-element_type=\"widget\" data-e-type=\"widget\" data-widget_type=\"heading.default\">\n\t\t\t\t<div class=\"elementor-widget-container\">\n\t\t\t\t\t<h2 class=\"elementor-heading-title elementor-size-default\">Contactez-nous pour en savoir plus sur la fa\u00e7on dont nous pouvons vous aider \u00e0 s\u00e9curiser vos actifs \u00e0 l'aide de notre plate-forme multi-DRM et de filigrane KeyOS approuv\u00e9e par les studios.<\/h2>\t\t\t\t<\/div>\n\t\t\t\t<\/div>\n\t\t\t\t<div class=\"elementor-element elementor-element-8a31a36 elementor-align-center elementor-widget elementor-widget-button\" data-id=\"8a31a36\" data-element_type=\"widget\" data-e-type=\"widget\" data-widget_type=\"button.default\">\n\t\t\t\t<div class=\"elementor-widget-container\">\n\t\t\t\t\t\t\t\t\t<div class=\"elementor-button-wrapper\">\n\t\t\t\t\t<a class=\"elementor-button elementor-button-link elementor-size-sm\" href=\"https:\/\/buydrm.com\/fr\/contact\/\">\n\t\t\t\t\t\t<span class=\"elementor-button-content-wrapper\">\n\t\t\t\t\t\t\t\t\t<span class=\"elementor-button-text\"> Contactez-nous<\/span>\n\t\t\t\t\t<\/span>\n\t\t\t\t\t<\/a>\n\t\t\t\t<\/div>\n\t\t\t\t\t\t\t\t<\/div>\n\t\t\t\t<\/div>\n\t\t\t\t\t<\/div>\n\t\t<\/div>\n\t\t\t\t\t<\/div>\n\t\t<\/section>\n\t\t\t\t<\/div>","protected":false},"excerpt":{"rendered":"<p>What We Do Provide Content Security Solutions for Premium Video Content https:\/\/buydrm.com\/wp-content\/uploads\/2021\/10\/BuyDRM_new2.mp4 About BuyDRM BuyDRM\u2122 is a leading global provider of content security services and solutions to the entertainment, enterprise and hospitality industries. Since 2001, BuyDRM has amassed substantial success stories for many of today\u2019s largest brands including ABC Australia, Accenture, Amazon Music, Audible, BBC [&hellip;]<\/p>\n","protected":false},"author":4,"featured_media":648,"parent":14,"menu_order":0,"comment_status":"closed","ping_status":"closed","template":"","meta":{"_acf_changed":false,"content-type":"","footnotes":""},"class_list":["post-206","page","type-page","status-publish","has-post-thumbnail","hentry"],"acf":[],"yoast_head":"<!-- This site is optimized with the Yoast SEO plugin v27.2 - https:\/\/yoast.com\/product\/yoast-seo-wordpress\/ -->\n<title>About | BuyDRM<\/title>\n<meta name=\"description\" content=\"What We Do Provide Content Security Solutions for Premium Video Content https:\/\/buydrm.com\/wp-content\/uploads\/2021\/10\/BuyDRM_new2.mp4 About BuyDRM BuyDRM\u2122\" \/>\n<meta name=\"robots\" content=\"index, follow, max-snippet:-1, max-image-preview:large, max-video-preview:-1\" \/>\n<link rel=\"canonical\" href=\"https:\/\/buydrm.com\/fr\/about\/\" \/>\n<meta property=\"og:locale\" content=\"fr_FR\" \/>\n<meta property=\"og:type\" content=\"article\" \/>\n<meta property=\"og:title\" content=\"About | BuyDRM\" \/>\n<meta property=\"og:description\" content=\"What We Do Provide Content Security Solutions for Premium Video Content https:\/\/buydrm.com\/wp-content\/uploads\/2021\/10\/BuyDRM_new2.mp4 About BuyDRM BuyDRM\u2122\" \/>\n<meta property=\"og:url\" content=\"https:\/\/buydrm.com\/fr\/about\/\" \/>\n<meta property=\"og:site_name\" content=\"BuyDRM\" \/>\n<meta property=\"article:modified_time\" content=\"2026-02-27T15:58:49+00:00\" \/>\n<meta property=\"og:image\" content=\"https:\/\/buydrm.com\/wp-content\/uploads\/2021\/11\/WebsiteMetaImage.jpg\" \/>\n\t<meta property=\"og:image:width\" content=\"1201\" \/>\n\t<meta property=\"og:image:height\" content=\"763\" \/>\n\t<meta property=\"og:image:type\" content=\"image\/jpeg\" \/>\n<meta name=\"twitter:card\" content=\"summary_large_image\" \/>\n<meta name=\"twitter:label1\" content=\"Dur\u00e9e de lecture estim\u00e9e\" \/>\n\t<meta name=\"twitter:data1\" content=\"2 minutes\" \/>\n<script type=\"application\/ld+json\" class=\"yoast-schema-graph\">{\"@context\":\"https:\/\/schema.org\",\"@graph\":[{\"@type\":\"WebPage\",\"@id\":\"https:\/\/buydrm.com\/company\/about\/\",\"url\":\"https:\/\/buydrm.com\/about\/\",\"name\":\"About | BuyDRM\",\"isPartOf\":{\"@id\":\"https:\/\/buydrm.com\/#website\"},\"primaryImageOfPage\":{\"@id\":\"https:\/\/buydrm.com\/about\/#primaryimage\"},\"image\":{\"@id\":\"https:\/\/buydrm.com\/about\/#primaryimage\"},\"thumbnailUrl\":\"https:\/\/buydrm.com\/wp-content\/uploads\/2021\/11\/WebsiteMetaImage.jpg\",\"datePublished\":\"2021-10-03T14:18:09+00:00\",\"dateModified\":\"2026-02-27T15:58:49+00:00\",\"description\":\"What We Do Provide Content Security Solutions for Premium Video Content https:\/\/buydrm.com\/wp-content\/uploads\/2021\/10\/BuyDRM_new2.mp4 About BuyDRM BuyDRM\u2122\",\"breadcrumb\":{\"@id\":\"https:\/\/buydrm.com\/about\/#breadcrumb\"},\"inLanguage\":\"fr-FR\",\"potentialAction\":[{\"@type\":\"ReadAction\",\"target\":[\"https:\/\/buydrm.com\/about\/\"]}]},{\"@type\":\"ImageObject\",\"inLanguage\":\"fr-FR\",\"@id\":\"https:\/\/buydrm.com\/about\/#primaryimage\",\"url\":\"https:\/\/buydrm.com\/wp-content\/uploads\/2021\/11\/WebsiteMetaImage.jpg\",\"contentUrl\":\"https:\/\/buydrm.com\/wp-content\/uploads\/2021\/11\/WebsiteMetaImage.jpg\",\"width\":1201,\"height\":763},{\"@type\":\"BreadcrumbList\",\"@id\":\"https:\/\/buydrm.com\/about\/#breadcrumb\",\"itemListElement\":[{\"@type\":\"ListItem\",\"position\":1,\"name\":\"Home\",\"item\":\"https:\/\/buydrm.com\/\"},{\"@type\":\"ListItem\",\"position\":2,\"name\":\"Company (parent, not a page)\",\"item\":\"https:\/\/buydrm.com\/?page_id=14\"},{\"@type\":\"ListItem\",\"position\":3,\"name\":\"About\"}]},{\"@type\":\"WebSite\",\"@id\":\"https:\/\/buydrm.com\/#website\",\"url\":\"https:\/\/buydrm.com\/\",\"name\":\"BuyDRM\",\"description\":\"Providing Content Security Solutions for Premium Video Content\",\"publisher\":{\"@id\":\"https:\/\/buydrm.com\/#organization\"},\"potentialAction\":[{\"@type\":\"SearchAction\",\"target\":{\"@type\":\"EntryPoint\",\"urlTemplate\":\"https:\/\/buydrm.com\/?s={search_term_string}\"},\"query-input\":{\"@type\":\"PropertyValueSpecification\",\"valueRequired\":true,\"valueName\":\"search_term_string\"}}],\"inLanguage\":\"fr-FR\"},{\"@type\":\"Organization\",\"@id\":\"https:\/\/buydrm.com\/#organization\",\"name\":\"BuyDMR\",\"url\":\"https:\/\/buydrm.com\/\",\"logo\":{\"@type\":\"ImageObject\",\"inLanguage\":\"fr-FR\",\"@id\":\"https:\/\/buydrm.com\/#\/schema\/logo\/image\/\",\"url\":\"https:\/\/buydrm.com\/wp-content\/uploads\/2021\/10\/BuyDRM-Primary-Logo.svg\",\"contentUrl\":\"https:\/\/buydrm.com\/wp-content\/uploads\/2021\/10\/BuyDRM-Primary-Logo.svg\",\"width\":189,\"height\":58,\"caption\":\"BuyDMR\"},\"image\":{\"@id\":\"https:\/\/buydrm.com\/#\/schema\/logo\/image\/\"}}]}<\/script>\n<!-- \/ Yoast SEO plugin. -->","yoast_head_json":{"title":"About | BuyDRM","description":"What We Do Provide Content Security Solutions for Premium Video Content https:\/\/buydrm.com\/wp-content\/uploads\/2021\/10\/BuyDRM_new2.mp4 About BuyDRM BuyDRM\u2122","robots":{"index":"index","follow":"follow","max-snippet":"max-snippet:-1","max-image-preview":"max-image-preview:large","max-video-preview":"max-video-preview:-1"},"canonical":"https:\/\/buydrm.com\/fr\/about\/","og_locale":"fr_FR","og_type":"article","og_title":"About | BuyDRM","og_description":"What We Do Provide Content Security Solutions for Premium Video Content https:\/\/buydrm.com\/wp-content\/uploads\/2021\/10\/BuyDRM_new2.mp4 About BuyDRM BuyDRM\u2122","og_url":"https:\/\/buydrm.com\/fr\/about\/","og_site_name":"BuyDRM","article_modified_time":"2026-02-27T15:58:49+00:00","og_image":[{"width":1201,"height":763,"url":"https:\/\/buydrm.com\/wp-content\/uploads\/2021\/11\/WebsiteMetaImage.jpg","type":"image\/jpeg"}],"twitter_card":"summary_large_image","twitter_misc":{"Dur\u00e9e de lecture estim\u00e9e":"2 minutes"},"schema":{"@context":"https:\/\/schema.org","@graph":[{"@type":"WebPage","@id":"https:\/\/buydrm.com\/company\/about\/","url":"https:\/\/buydrm.com\/about\/","name":"About | BuyDRM","isPartOf":{"@id":"https:\/\/buydrm.com\/#website"},"primaryImageOfPage":{"@id":"https:\/\/buydrm.com\/about\/#primaryimage"},"image":{"@id":"https:\/\/buydrm.com\/about\/#primaryimage"},"thumbnailUrl":"https:\/\/buydrm.com\/wp-content\/uploads\/2021\/11\/WebsiteMetaImage.jpg","datePublished":"2021-10-03T14:18:09+00:00","dateModified":"2026-02-27T15:58:49+00:00","description":"What We Do Provide Content Security Solutions for Premium Video Content https:\/\/buydrm.com\/wp-content\/uploads\/2021\/10\/BuyDRM_new2.mp4 About BuyDRM BuyDRM\u2122","breadcrumb":{"@id":"https:\/\/buydrm.com\/about\/#breadcrumb"},"inLanguage":"fr-FR","potentialAction":[{"@type":"ReadAction","target":["https:\/\/buydrm.com\/about\/"]}]},{"@type":"ImageObject","inLanguage":"fr-FR","@id":"https:\/\/buydrm.com\/about\/#primaryimage","url":"https:\/\/buydrm.com\/wp-content\/uploads\/2021\/11\/WebsiteMetaImage.jpg","contentUrl":"https:\/\/buydrm.com\/wp-content\/uploads\/2021\/11\/WebsiteMetaImage.jpg","width":1201,"height":763},{"@type":"BreadcrumbList","@id":"https:\/\/buydrm.com\/about\/#breadcrumb","itemListElement":[{"@type":"ListItem","position":1,"name":"Home","item":"https:\/\/buydrm.com\/"},{"@type":"ListItem","position":2,"name":"Company (parent, not a page)","item":"https:\/\/buydrm.com\/?page_id=14"},{"@type":"ListItem","position":3,"name":"About"}]},{"@type":"WebSite","@id":"https:\/\/buydrm.com\/#website","url":"https:\/\/buydrm.com\/","name":"BuyDRM","description":"Providing Content Security Solutions for Premium Video Content","publisher":{"@id":"https:\/\/buydrm.com\/#organization"},"potentialAction":[{"@type":"SearchAction","target":{"@type":"EntryPoint","urlTemplate":"https:\/\/buydrm.com\/?s={search_term_string}"},"query-input":{"@type":"PropertyValueSpecification","valueRequired":true,"valueName":"search_term_string"}}],"inLanguage":"fr-FR"},{"@type":"Organization","@id":"https:\/\/buydrm.com\/#organization","name":"BuyDMR","url":"https:\/\/buydrm.com\/","logo":{"@type":"ImageObject","inLanguage":"fr-FR","@id":"https:\/\/buydrm.com\/#\/schema\/logo\/image\/","url":"https:\/\/buydrm.com\/wp-content\/uploads\/2021\/10\/BuyDRM-Primary-Logo.svg","contentUrl":"https:\/\/buydrm.com\/wp-content\/uploads\/2021\/10\/BuyDRM-Primary-Logo.svg","width":189,"height":58,"caption":"BuyDMR"},"image":{"@id":"https:\/\/buydrm.com\/#\/schema\/logo\/image\/"}}]}},"_links":{"self":[{"href":"https:\/\/buydrm.com\/fr\/wp-json\/wp\/v2\/pages\/206","targetHints":{"allow":["GET"]}}],"collection":[{"href":"https:\/\/buydrm.com\/fr\/wp-json\/wp\/v2\/pages"}],"about":[{"href":"https:\/\/buydrm.com\/fr\/wp-json\/wp\/v2\/types\/page"}],"author":[{"embeddable":true,"href":"https:\/\/buydrm.com\/fr\/wp-json\/wp\/v2\/users\/4"}],"replies":[{"embeddable":true,"href":"https:\/\/buydrm.com\/fr\/wp-json\/wp\/v2\/comments?post=206"}],"version-history":[{"count":9,"href":"https:\/\/buydrm.com\/fr\/wp-json\/wp\/v2\/pages\/206\/revisions"}],"predecessor-version":[{"id":2532,"href":"https:\/\/buydrm.com\/fr\/wp-json\/wp\/v2\/pages\/206\/revisions\/2532"}],"up":[{"embeddable":true,"href":"https:\/\/buydrm.com\/fr\/wp-json\/wp\/v2\/pages\/14"}],"wp:featuredmedia":[{"embeddable":true,"href":"https:\/\/buydrm.com\/fr\/wp-json\/wp\/v2\/media\/648"}],"wp:attachment":[{"href":"https:\/\/buydrm.com\/fr\/wp-json\/wp\/v2\/media?parent=206"}],"curies":[{"name":"wp","href":"https:\/\/api.w.org\/{rel}","templated":true}]}}